{"id":1038,"date":"2016-03-03T23:19:27","date_gmt":"2016-03-03T23:19:27","guid":{"rendered":"http:\/\/ecolelibredecourriere.be\/?page_id=1038"},"modified":"2025-08-12T10:37:55","modified_gmt":"2025-08-12T10:37:55","slug":"centre-pms-et-pse","status":"publish","type":"page","link":"https:\/\/ecolelibredecourriere.be\/index.php\/centre-pms-et-pse\/","title":{"rendered":"CENTRE PSE"},"content":{"rendered":"<h3><span style=\"color: #ff0000;\">VISITE MEDICALE<\/span><\/h3>\n<p><span style=\"color: #0000ff;\">Les enfants de maternelle, de 1\u00e8re, 2\u00e8me, 4\u00e8me et 6\u00e8me ann\u00e9es partent \u00e0 la visite m\u00e9dicale \u00e0 Jambes.<\/span><\/p>\n<p><a href=\"http:\/\/ecolelibredecourriere.be\/wp-content\/uploads\/2025\/06\/Presentation-PSE-2-Jambes-25-26.pdf\">Pr\u00e9sentation PSE 2 Jambes 25-26<\/a><\/p>\n","protected":false},"excerpt":{"rendered":"<p>VISITE MEDICALE Les enfants de maternelle, de 1\u00e8re, 2\u00e8me, 4\u00e8me et 6\u00e8me ann\u00e9es partent \u00e0 la visite m\u00e9dicale \u00e0 Jambes. Pr\u00e9sentation PSE 2 Jambes 25-26<\/p>\n","protected":false},"author":1,"featured_media":0,"parent":0,"menu_order":0,"comment_status":"closed","ping_status":"closed","template":"","meta":{"footnotes":""},"class_list":["post-1038","page","type-page","status-publish","hentry"],"_links":{"self":[{"href":"https:\/\/ecolelibredecourriere.be\/index.php\/wp-json\/wp\/v2\/pages\/1038","targetHints":{"allow":["GET"]}}],"collection":[{"href":"https:\/\/ecolelibredecourriere.be\/index.php\/wp-json\/wp\/v2\/pages"}],"about":[{"href":"https:\/\/ecolelibredecourriere.be\/index.php\/wp-json\/wp\/v2\/types\/page"}],"author":[{"embeddable":true,"href":"https:\/\/ecolelibredecourriere.be\/index.php\/wp-json\/wp\/v2\/users\/1"}],"replies":[{"embeddable":true,"href":"https:\/\/ecolelibredecourriere.be\/index.php\/wp-json\/wp\/v2\/comments?post=1038"}],"version-history":[{"count":5,"href":"https:\/\/ecolelibredecourriere.be\/index.php\/wp-json\/wp\/v2\/pages\/1038\/revisions"}],"predecessor-version":[{"id":6131,"href":"https:\/\/ecolelibredecourriere.be\/index.php\/wp-json\/wp\/v2\/pages\/1038\/revisions\/6131"}],"wp:attachment":[{"href":"https:\/\/ecolelibredecourriere.be\/index.php\/wp-json\/wp\/v2\/media?parent=1038"}],"curies":[{"name":"wp","href":"https:\/\/api.w.org\/{rel}","templated":true}]}}