{"id":1060,"date":"2016-03-03T23:37:56","date_gmt":"2016-03-03T23:37:56","guid":{"rendered":"http:\/\/ecolelibredecourriere.be\/?page_id=1060"},"modified":"2016-08-17T10:48:59","modified_gmt":"2016-08-17T10:48:59","slug":"transport-scolaire","status":"publish","type":"page","link":"https:\/\/ecolelibredecourriere.be\/index.php\/transport-scolaire\/","title":{"rendered":"TRANSPORT SCOLAIRE"},"content":{"rendered":"<h3><span style=\"color: #ff0000;\">TRANSPORT<\/span><\/h3>\n<p><span style=\"color: #0000ff;\">Les enfants qui le d\u00e9sirent peuvent prendre le car scolaire. Celui-ci est gratuit pour les enfants de moins de 12 ans.<\/span><br \/>\n<span style=\"color: #0000ff;\">Les enfants de Sart-Bernard et de Maillen peuvent aussi en b\u00e9n\u00e9ficier! <\/span><br \/>\n<span style=\"color: #0000ff;\">Si vous souhaitez b\u00e9n\u00e9ficier de ce service, il faut le signaler le plus rapidement possible \u00e0 Madame Demarteau\u00a0 (0475 77 35 43) qui se chargera de pr\u00e9venir la commune et le TEC . En effet, c\u2019est bien ce dernier qui organise le transport scolaire.<\/span><\/p>\n","protected":false},"excerpt":{"rendered":"<p>TRANSPORT Les enfants qui le d\u00e9sirent peuvent prendre le car scolaire. Celui-ci est gratuit pour les enfants de moins de 12 ans. Les enfants de Sart-Bernard et de Maillen peuvent aussi en b\u00e9n\u00e9ficier! Si vous souhaitez b\u00e9n\u00e9ficier de ce service, <a class=\"more-link\" href=\"https:\/\/ecolelibredecourriere.be\/index.php\/transport-scolaire\/\">Continuer la lecture <span class=\"screen-reader-text\">  TRANSPORT SCOLAIRE<\/span><span class=\"meta-nav\">&rarr;<\/span><\/a><\/p>\n","protected":false},"author":1,"featured_media":0,"parent":0,"menu_order":0,"comment_status":"closed","ping_status":"closed","template":"","meta":{"footnotes":""},"class_list":["post-1060","page","type-page","status-publish","hentry"],"_links":{"self":[{"href":"https:\/\/ecolelibredecourriere.be\/index.php\/wp-json\/wp\/v2\/pages\/1060","targetHints":{"allow":["GET"]}}],"collection":[{"href":"https:\/\/ecolelibredecourriere.be\/index.php\/wp-json\/wp\/v2\/pages"}],"about":[{"href":"https:\/\/ecolelibredecourriere.be\/index.php\/wp-json\/wp\/v2\/types\/page"}],"author":[{"embeddable":true,"href":"https:\/\/ecolelibredecourriere.be\/index.php\/wp-json\/wp\/v2\/users\/1"}],"replies":[{"embeddable":true,"href":"https:\/\/ecolelibredecourriere.be\/index.php\/wp-json\/wp\/v2\/comments?post=1060"}],"version-history":[{"count":3,"href":"https:\/\/ecolelibredecourriere.be\/index.php\/wp-json\/wp\/v2\/pages\/1060\/revisions"}],"predecessor-version":[{"id":2169,"href":"https:\/\/ecolelibredecourriere.be\/index.php\/wp-json\/wp\/v2\/pages\/1060\/revisions\/2169"}],"wp:attachment":[{"href":"https:\/\/ecolelibredecourriere.be\/index.php\/wp-json\/wp\/v2\/media?parent=1060"}],"curies":[{"name":"wp","href":"https:\/\/api.w.org\/{rel}","templated":true}]}}