{"id":1064,"date":"2016-03-03T23:40:24","date_gmt":"2016-03-03T23:40:24","guid":{"rendered":"http:\/\/ecolelibredecourriere.be\/?page_id=1064"},"modified":"2026-04-15T16:57:30","modified_gmt":"2026-04-15T16:57:30","slug":"horaire","status":"publish","type":"page","link":"https:\/\/ecolelibredecourriere.be\/index.php\/horaire\/","title":{"rendered":"HORAIRE"},"content":{"rendered":"<p><span style=\"color: #0000ff;\">Les cours d\u00e9butent \u00e0 8h40 jusque 12h20 (12h30 les mercredis) et reprennent \u00e0 13h50 jusque 15h30 (15h les vendredis)<\/span><\/p>\n<table style=\"width: 100%; height: 178px;\">\n<tbody>\n<tr style=\"height: 39px;\">\n<td style=\"height: 39px;\" width=\"113\"><strong>D\u00e9but des cours<br \/>\n<\/strong><\/td>\n<td style=\"height: 39px;\" width=\"108\"><strong>Repas<\/strong><\/td>\n<td style=\"height: 39px;\" width=\"138\"><strong>R\u00e9cr\u00e9ation<\/strong><\/td>\n<td style=\"height: 39px;\" width=\"174\"><strong>Fin des cours<\/strong><\/td>\n<\/tr>\n<tr style=\"height: 139px;\">\n<td style=\"height: 139px;\" width=\"113\">8h40Accueil dans la classe maternelle \u00e0 partir de 8h30<\/td>\n<td style=\"height: 139px;\" width=\"108\">12h20 \u00e0 12h50<\/td>\n<td style=\"height: 139px;\" width=\"138\">10h20 \u00e0 10h4012h50 \u00e0 13h50<\/td>\n<td style=\"height: 139px;\" width=\"174\">15h30 les Lu-Ma-Je<\/p>\n<p>15h00\u00a0 les vendredis<\/p>\n<p>12h30\u00a0 les mercredis<\/td>\n<\/tr>\n<\/tbody>\n<\/table>\n<p>Toute sortie de l\u2019\u00e9cole en dehors des heures ordinaires doit \u00eatre notifi\u00e9e par \u00e9crit dans le journal de classe de l\u2019enfant\/ cahier de liaison.<br \/>\nPour quitter seul l\u2019\u00e9tablissement un courrier \u00e9crit des parents est<br \/>\nindispensable.<\/p>\n","protected":false},"excerpt":{"rendered":"<p>Les cours d\u00e9butent \u00e0 8h40 jusque 12h20 (12h30 les mercredis) et reprennent \u00e0 13h50 jusque 15h30 (15h les vendredis) D\u00e9but des cours Repas R\u00e9cr\u00e9ation Fin des cours 8h40Accueil dans la classe maternelle \u00e0 partir de 8h30 12h20 \u00e0 12h50 10h20 <a class=\"more-link\" href=\"https:\/\/ecolelibredecourriere.be\/index.php\/horaire\/\">Continuer la lecture <span class=\"screen-reader-text\">  HORAIRE<\/span><span class=\"meta-nav\">&rarr;<\/span><\/a><\/p>\n","protected":false},"author":1,"featured_media":0,"parent":0,"menu_order":0,"comment_status":"closed","ping_status":"closed","template":"","meta":{"footnotes":""},"class_list":["post-1064","page","type-page","status-publish","hentry"],"_links":{"self":[{"href":"https:\/\/ecolelibredecourriere.be\/index.php\/wp-json\/wp\/v2\/pages\/1064","targetHints":{"allow":["GET"]}}],"collection":[{"href":"https:\/\/ecolelibredecourriere.be\/index.php\/wp-json\/wp\/v2\/pages"}],"about":[{"href":"https:\/\/ecolelibredecourriere.be\/index.php\/wp-json\/wp\/v2\/types\/page"}],"author":[{"embeddable":true,"href":"https:\/\/ecolelibredecourriere.be\/index.php\/wp-json\/wp\/v2\/users\/1"}],"replies":[{"embeddable":true,"href":"https:\/\/ecolelibredecourriere.be\/index.php\/wp-json\/wp\/v2\/comments?post=1064"}],"version-history":[{"count":7,"href":"https:\/\/ecolelibredecourriere.be\/index.php\/wp-json\/wp\/v2\/pages\/1064\/revisions"}],"predecessor-version":[{"id":6251,"href":"https:\/\/ecolelibredecourriere.be\/index.php\/wp-json\/wp\/v2\/pages\/1064\/revisions\/6251"}],"wp:attachment":[{"href":"https:\/\/ecolelibredecourriere.be\/index.php\/wp-json\/wp\/v2\/media?parent=1064"}],"curies":[{"name":"wp","href":"https:\/\/api.w.org\/{rel}","templated":true}]}}