{"id":2311,"date":"2017-01-23T22:15:58","date_gmt":"2017-01-23T22:15:58","guid":{"rendered":"http:\/\/ecolelibredecourriere.be\/?page_id=2311"},"modified":"2025-08-12T10:59:03","modified_gmt":"2025-08-12T10:59:03","slug":"repas-complets","status":"publish","type":"page","link":"https:\/\/ecolelibredecourriere.be\/index.php\/repas-complets\/","title":{"rendered":"Cantine durable plus saine et respectueuse de notre plan\u00e8te."},"content":{"rendered":"<h2><img loading=\"lazy\" decoding=\"async\" class=\"alignleft size-thumbnail wp-image-1075\" src=\"http:\/\/ecolelibredecourriere.be\/wp-content\/uploads\/2016\/03\/024-150x150.jpg\" alt=\"024\" width=\"150\" height=\"150\" \/><img loading=\"lazy\" decoding=\"async\" class=\"alignleft size-thumbnail wp-image-1074\" src=\"http:\/\/ecolelibredecourriere.be\/wp-content\/uploads\/2016\/03\/CEB-2010-002-150x150.jpg\" alt=\"CEB 2010 002\" width=\"150\" height=\"150\" \/>Une \u00e9quipe de b\u00e9n\u00e9voles motiv\u00e9s !<\/h2>\n<p>Tous les jours, des personnes b\u00e9n\u00e9voles viennent \u00e0 l&rsquo;\u00e9cole pour pr\u00e9parer de d\u00e9licieux repas sains, \u00e9quilibr\u00e9s et souvent local\u00a0 au prix de\u00a0 3\u20ac50 (primaire) ou 3\u20ac20 (maternel).<\/p>\n<p>Depuis le 7 novembre 2022, nous sommes signataires du Green Deal Cantines durables.<\/p>\n\n\n<figure class=\"wp-block-image size-full\"><img loading=\"lazy\" decoding=\"async\" width=\"577\" height=\"817\" src=\"http:\/\/ecolelibredecourriere.be\/wp-content\/uploads\/2023\/01\/Capture-decran-2023-01-06-123126.jpg\" alt=\"\" class=\"wp-image-5387\" srcset=\"https:\/\/ecolelibredecourriere.be\/wp-content\/uploads\/2023\/01\/Capture-decran-2023-01-06-123126.jpg 577w, https:\/\/ecolelibredecourriere.be\/wp-content\/uploads\/2023\/01\/Capture-decran-2023-01-06-123126-212x300.jpg 212w\" sizes=\"auto, (max-width: 577px) 100vw, 577px\" \/><\/figure>\n\n\n\n<p>A partir de ce 9 janvier, notre menu \u00e9volue pour devenir plus sain, plus local et de saison.<\/p>\n\n\n\n<figure class=\"wp-block-image size-full\"><img loading=\"lazy\" decoding=\"async\" width=\"1005\" height=\"331\" src=\"http:\/\/ecolelibredecourriere.be\/wp-content\/uploads\/2023\/01\/6-axes-1.jpg\" alt=\"\" class=\"wp-image-5388\" srcset=\"https:\/\/ecolelibredecourriere.be\/wp-content\/uploads\/2023\/01\/6-axes-1.jpg 1005w, https:\/\/ecolelibredecourriere.be\/wp-content\/uploads\/2023\/01\/6-axes-1-300x99.jpg 300w, https:\/\/ecolelibredecourriere.be\/wp-content\/uploads\/2023\/01\/6-axes-1-768x253.jpg 768w\" sizes=\"auto, (max-width: 1005px) 100vw, 1005px\" \/><figcaption class=\"wp-element-caption\">Ces 6 axes nous permettent d\u2019\u00e9voluer dans la bonne direction.<\/figcaption><\/figure>\n\n\n\n<p>Nous esp\u00e9rons en juin 2023, obtenir le Label Cantine durable niveau 3 (3 radis).<\/p>\n","protected":false},"excerpt":{"rendered":"<p>Une \u00e9quipe de b\u00e9n\u00e9voles motiv\u00e9s ! Tous les jours, des personnes b\u00e9n\u00e9voles viennent \u00e0 l&rsquo;\u00e9cole pour pr\u00e9parer de d\u00e9licieux repas sains, \u00e9quilibr\u00e9s et souvent local\u00a0 au prix de\u00a0 3\u20ac50 (primaire) ou 3\u20ac20 (maternel). Depuis le 7 novembre 2022, nous sommes <a class=\"more-link\" href=\"https:\/\/ecolelibredecourriere.be\/index.php\/repas-complets\/\">Continuer la lecture <span class=\"screen-reader-text\">  Cantine durable plus saine et respectueuse de notre plan\u00e8te.<\/span><span class=\"meta-nav\">&rarr;<\/span><\/a><\/p>\n","protected":false},"author":1,"featured_media":0,"parent":0,"menu_order":0,"comment_status":"open","ping_status":"closed","template":"","meta":{"footnotes":""},"class_list":["post-2311","page","type-page","status-publish","hentry"],"_links":{"self":[{"href":"https:\/\/ecolelibredecourriere.be\/index.php\/wp-json\/wp\/v2\/pages\/2311","targetHints":{"allow":["GET"]}}],"collection":[{"href":"https:\/\/ecolelibredecourriere.be\/index.php\/wp-json\/wp\/v2\/pages"}],"about":[{"href":"https:\/\/ecolelibredecourriere.be\/index.php\/wp-json\/wp\/v2\/types\/page"}],"author":[{"embeddable":true,"href":"https:\/\/ecolelibredecourriere.be\/index.php\/wp-json\/wp\/v2\/users\/1"}],"replies":[{"embeddable":true,"href":"https:\/\/ecolelibredecourriere.be\/index.php\/wp-json\/wp\/v2\/comments?post=2311"}],"version-history":[{"count":7,"href":"https:\/\/ecolelibredecourriere.be\/index.php\/wp-json\/wp\/v2\/pages\/2311\/revisions"}],"predecessor-version":[{"id":6137,"href":"https:\/\/ecolelibredecourriere.be\/index.php\/wp-json\/wp\/v2\/pages\/2311\/revisions\/6137"}],"wp:attachment":[{"href":"https:\/\/ecolelibredecourriere.be\/index.php\/wp-json\/wp\/v2\/media?parent=2311"}],"curies":[{"name":"wp","href":"https:\/\/api.w.org\/{rel}","templated":true}]}}