{"id":3084,"date":"2018-01-11T19:26:25","date_gmt":"2018-01-11T19:26:25","guid":{"rendered":"http:\/\/ecolelibredecourriere.be\/?page_id=3084"},"modified":"2026-04-17T10:05:33","modified_gmt":"2026-04-17T10:05:33","slug":"accueil","status":"publish","type":"page","link":"https:\/\/ecolelibredecourriere.be\/","title":{"rendered":"L&rsquo;\u00e9col&rsquo;logique pour tous"},"content":{"rendered":"\n<p><strong>PORTES OUVERTES LE VENDREDI 5 JUIN 2026<\/strong><\/p>\n<p>Venez d\u00e9couvrir &#8230;<\/p>\n<ul style=\"list-style-type: disc;\">\n<li><span style=\"color: #000000; background-color: #00ffff;\">nos r\u00e9alisations autour des contes<\/span><\/li>\n<li><span style=\"color: #000000; background-color: #00ffff;\">nos nouveaux \u00e9quipements &#8211; notre maison sensorielle<\/span><\/li>\n<li><span style=\"color: #000000; background-color: #00ffff;\">nos \u00e9l\u00e8ves en action et nos enseignants<\/span><\/li>\n<li><span style=\"color: #000000; background-color: #00ffff;\">le r\u00e9cit des classes de neige P5\/6 et des classes de mer P1\/2\/3\/4<\/span><\/li>\n<li><span style=\"color: #000000; background-color: #00ffff;\">nos p\u00e9dagogies : enseignement explicite &#8211; diff\u00e9renciation &#8211; classes semi flexibles-&#8230;<\/span><\/li>\n<\/ul>\n<p><strong><span style=\"color: #000000;\">Au plaisir de vous retrouver nombreux ce jour-l\u00e0 \u00e0 partir de 15h00<\/span><\/strong><\/p>\n<p>\u00a0<\/p>\n\n\n\n<p><a href=\"http:\/\/ecolelibredecourriere.be\/wp-content\/uploads\/2026\/04\/Nouvelles-de-lELC-AVRIL.pdf\">Nouvelles de l&rsquo;ELC AVRIL<\/a><\/p>\n\n\n\n<p><img loading=\"lazy\" decoding=\"async\" class=\"alignnone  wp-image-6273\" src=\"http:\/\/ecolelibredecourriere.be\/wp-content\/uploads\/2026\/04\/Nouvelles-de-LELC-Avril-200x300.png\" alt=\"\" width=\"272\" height=\"401\"><\/p>\n\n\n\n<p><a href=\"http:\/\/ecolelibredecourriere.be\/wp-content\/uploads\/2026\/04\/Les-nouvelles-de-lELC-mars-2026.pdf\">Les nouvelles de l&rsquo;ELC mars 2026<\/a><\/p>\n\n\n\n<p><img loading=\"lazy\" decoding=\"async\" class=\"alignnone  wp-image-6268\" src=\"http:\/\/ecolelibredecourriere.be\/wp-content\/uploads\/2026\/04\/Les-nouvelles-de-lELC-mars-2026_page-0001-1-212x300.jpg\" alt=\"\" width=\"271\" height=\"378\"><\/p>\n<p><a href=\"http:\/\/ecolelibredecourriere.be\/wp-content\/uploads\/2026\/04\/affiche_Lydie-et-Ria_projet_artistique_v2.pdf\"> &nbsp;affiche_Lydie et Ria_projet_artistique_v2<\/a><\/p>\n<p><img loading=\"lazy\" decoding=\"async\" class=\"alignnone  wp-image-6275\" src=\"http:\/\/ecolelibredecourriere.be\/wp-content\/uploads\/2026\/04\/affiche_Lydie-et-Ria_projet_artistique_v2_page-0001-212x300.jpg\" alt=\"\" width=\"282\" height=\"393\"><a href=\"http:\/\/ecolelibredecourriere.be\/wp-content\/uploads\/2026\/04\/affiche_Lydie-et-Ria_projet_artistique_v2.pdf\">&nbsp;<\/a><\/p>\n\n\n\n<p><img loading=\"lazy\" decoding=\"async\" class=\"alignnone  wp-image-6189\" src=\"http:\/\/ecolelibredecourriere.be\/wp-content\/uploads\/2025\/08\/Contes-ELC2025-2026-223x300.jpg\" alt=\"\" width=\"276\" height=\"367\"><\/p>\n\n\n\n\n\n<p><img loading=\"lazy\" decoding=\"async\" class=\"alignnone size-medium wp-image-6110\" src=\"http:\/\/ecolelibredecourriere.be\/wp-content\/uploads\/2025\/08\/Bientot-la-rentree--212x300.jpg\" alt=\"\" width=\"212\" height=\"300\" srcset=\"https:\/\/ecolelibredecourriere.be\/wp-content\/uploads\/2025\/08\/Bientot-la-rentree--212x300.jpg 212w, https:\/\/ecolelibredecourriere.be\/wp-content\/uploads\/2025\/08\/Bientot-la-rentree--724x1024.jpg 724w, https:\/\/ecolelibredecourriere.be\/wp-content\/uploads\/2025\/08\/Bientot-la-rentree--768x1086.jpg 768w, https:\/\/ecolelibredecourriere.be\/wp-content\/uploads\/2025\/08\/Bientot-la-rentree--1086x1536.jpg 1086w, https:\/\/ecolelibredecourriere.be\/wp-content\/uploads\/2025\/08\/Bientot-la-rentree-.jpg 1414w\" sizes=\"auto, (max-width: 212px) 100vw, 212px\" \/><\/p>\n\n\n\n<h2><strong>Fancy-Fair ce samedi 24 mai<\/strong><\/h2>\n<p><img loading=\"lazy\" decoding=\"async\" class=\"alignnone  wp-image-6091\" src=\"http:\/\/ecolelibredecourriere.be\/wp-content\/uploads\/2025\/05\/Affiche-FancyFair-2025-OK21-212x300.jpg\" alt=\"\" width=\"315\" height=\"441\"><\/p>\n\n\n\n\n\n<h3>&nbsp;<\/h3>\n<h3>Venez la d\u00e9couvrir sans plus attendre.<\/h3>\n\n\n\n<p><img loading=\"lazy\" decoding=\"async\" class=\"alignnone  wp-image-5990\" src=\"http:\/\/ecolelibredecourriere.be\/wp-content\/uploads\/2025\/04\/Affiche-ELC-portes-ouvertes-2025--212x300.jpg\" alt=\"\" width=\"346\" height=\"483\"><\/p>\n\n\n\n\n\n\n\n<p><strong><span style=\"color: #339966;\">Avril le mois du SPORT<\/span><\/strong><\/p>\n<p>D\u00e9couvrez toutes les informations sur notre Challenge sportif.<\/p>\n\n\n\n<p><a href=\"http:\/\/ecolelibredecourriere.be\/wp-content\/uploads\/2025\/04\/ELC-Affiche-10k-KM-ELC-2025-1.pdf\">ELC &#8211; Affiche 10k KM ELC 2025<\/a><\/p>\n\n\n\n<p>VENDREDI 28 MARS : SOUPER D&rsquo;ICI ET D&rsquo;AILLEURS<\/p>\n<p>R\u00e9servez d\u00e8s \u00e0 pr\u00e9sent car le nombre de repas est limit\u00e9.<\/p>\n<p><img loading=\"lazy\" decoding=\"async\" class=\"alignnone size-medium wp-image-5987\" src=\"http:\/\/ecolelibredecourriere.be\/wp-content\/uploads\/2025\/04\/Affiche-souper-Dici-et-dailleurs-214x300.png\" alt=\"\" width=\"214\" height=\"300\" srcset=\"https:\/\/ecolelibredecourriere.be\/wp-content\/uploads\/2025\/04\/Affiche-souper-Dici-et-dailleurs-214x300.png 214w, https:\/\/ecolelibredecourriere.be\/wp-content\/uploads\/2025\/04\/Affiche-souper-Dici-et-dailleurs.png 585w\" sizes=\"auto, (max-width: 214px) 100vw, 214px\" \/><\/p>\n<p>\u00a0<\/p>\n\n\n\n<p>Meilleurs v\u0153ux \u00e0 tous!<\/p>\n\n\n\n<figure class=\"wp-block-image size-large is-resized\"><img loading=\"lazy\" decoding=\"async\" width=\"726\" height=\"1024\" src=\"https:\/\/ecolelibredecourriere.be\/wp-content\/uploads\/2025\/01\/Carte-de-Voeux-2025-ELC-2-726x1024.png\" alt=\"\" class=\"wp-image-5906\" style=\"width:575px;height:811px\" srcset=\"https:\/\/ecolelibredecourriere.be\/wp-content\/uploads\/2025\/01\/Carte-de-Voeux-2025-ELC-2-726x1024.png 726w, https:\/\/ecolelibredecourriere.be\/wp-content\/uploads\/2025\/01\/Carte-de-Voeux-2025-ELC-2-213x300.png 213w, https:\/\/ecolelibredecourriere.be\/wp-content\/uploads\/2025\/01\/Carte-de-Voeux-2025-ELC-2-768x1083.png 768w, https:\/\/ecolelibredecourriere.be\/wp-content\/uploads\/2025\/01\/Carte-de-Voeux-2025-ELC-2-1090x1536.png 1090w, https:\/\/ecolelibredecourriere.be\/wp-content\/uploads\/2025\/01\/Carte-de-Voeux-2025-ELC-2-1170x1649.png 1170w, https:\/\/ecolelibredecourriere.be\/wp-content\/uploads\/2025\/01\/Carte-de-Voeux-2025-ELC-2.png 1240w\" sizes=\"auto, (max-width: 726px) 100vw, 726px\" \/><\/figure>\n\n\n\n<h2 class=\"wp-block-heading\">Chasses aux tr\u00e9sors dans les bois <\/h2>\n\n\n\n<p>Ce vendredi matin, nous nous sommes rendus au bois didactique pour une chasse aux tr\u00e9sors d&rsquo;autome.<br>La chasse f\u00fbt bonne et bravo \u00e0 tous nos explorateurs <\/p>\n\n\n\n<figure class=\"wp-block-image size-large\"><img loading=\"lazy\" decoding=\"async\" width=\"1024\" height=\"462\" src=\"https:\/\/ecolelibredecourriere.be\/wp-content\/uploads\/2024\/11\/466011861_1010288254231974_7859752736455184059_n-1024x462.jpg\" alt=\"\" class=\"wp-image-5865\" srcset=\"https:\/\/ecolelibredecourriere.be\/wp-content\/uploads\/2024\/11\/466011861_1010288254231974_7859752736455184059_n-1024x462.jpg 1024w, https:\/\/ecolelibredecourriere.be\/wp-content\/uploads\/2024\/11\/466011861_1010288254231974_7859752736455184059_n-300x135.jpg 300w, https:\/\/ecolelibredecourriere.be\/wp-content\/uploads\/2024\/11\/466011861_1010288254231974_7859752736455184059_n-768x346.jpg 768w, https:\/\/ecolelibredecourriere.be\/wp-content\/uploads\/2024\/11\/466011861_1010288254231974_7859752736455184059_n-1536x692.jpg 1536w, https:\/\/ecolelibredecourriere.be\/wp-content\/uploads\/2024\/11\/466011861_1010288254231974_7859752736455184059_n-1170x527.jpg 1170w, https:\/\/ecolelibredecourriere.be\/wp-content\/uploads\/2024\/11\/466011861_1010288254231974_7859752736455184059_n.jpg 2048w\" sizes=\"auto, (max-width: 1024px) 100vw, 1024px\" \/><\/figure>\n\n\n\n<h2 class=\"wp-block-heading\">A la d\u00e9couverte de l&rsquo;\u00e9glise<\/h2>\n\n\n\n<p>Les \u00e9l\u00e8ves de primaire ont eu la chance de d\u00e9couvrir notre \u00e9glise d&rsquo;une mani\u00e8re tout \u00e0 fait originale. <\/p>\n\n\n\n<p>Les Abb\u00e9s de la paroisse et M. M\u00e9lot, nous ont transmis leurs connaissances et fait d\u00e9couvrir les richesses de l&rsquo;\u00e9glise: l&rsquo;histoire du \u00ab\u00a0b\u00e2timent\u00a0\u00bb avec photos \u00e0 l&rsquo;appui, les vitraux, les tableaux qui racontent comme une BD , les diff\u00e9rents \u00e9l\u00e9ments\/objets de l&rsquo;\u00e9glise et m\u00eame la sacristie avec ses livres anciens \u00e9crits en latin, les chandeliers, les aubes&#8230; Savez-vous que pour chaque \u00e9v\u00e8nement , il y a une couleur d&rsquo;aube diff\u00e9rente? Que le clocher de l&rsquo;\u00e9glise avait \u00e9t\u00e9 d\u00e9truit pour la prot\u00e9ger?<\/p>\n\n\n\n<p>Une activit\u00e9 tr\u00e8s riche en d\u00e9couvertes historiques, culturelles et religieuses.<\/p>\n\n\n\n<figure class=\"wp-block-image size-large\"><img loading=\"lazy\" decoding=\"async\" width=\"819\" height=\"1024\" src=\"https:\/\/ecolelibredecourriere.be\/wp-content\/uploads\/2024\/11\/Collage_2024-10-21_16_22_22-819x1024.jpg\" alt=\"\" class=\"wp-image-5857\" srcset=\"https:\/\/ecolelibredecourriere.be\/wp-content\/uploads\/2024\/11\/Collage_2024-10-21_16_22_22-819x1024.jpg 819w, https:\/\/ecolelibredecourriere.be\/wp-content\/uploads\/2024\/11\/Collage_2024-10-21_16_22_22-240x300.jpg 240w, https:\/\/ecolelibredecourriere.be\/wp-content\/uploads\/2024\/11\/Collage_2024-10-21_16_22_22-768x960.jpg 768w, https:\/\/ecolelibredecourriere.be\/wp-content\/uploads\/2024\/11\/Collage_2024-10-21_16_22_22-1229x1536.jpg 1229w, https:\/\/ecolelibredecourriere.be\/wp-content\/uploads\/2024\/11\/Collage_2024-10-21_16_22_22-1170x1463.jpg 1170w, https:\/\/ecolelibredecourriere.be\/wp-content\/uploads\/2024\/11\/Collage_2024-10-21_16_22_22.jpg 1440w\" sizes=\"auto, (max-width: 819px) 100vw, 819px\" \/><\/figure>\n\n\n\n<h2 class=\"wp-block-heading\">-Quinzaine de la mobilit\u00e9 : Emile et le serpent mobile<\/h2>\n\n\n\n<p>2 serpents (p\u00e9dibus ) ont conduit nos \u00e9l\u00e8ves tous les matins. Une tr\u00e8s belle participation malgr\u00e9 le temps maussade.<\/p>\n\n\n\n<figure class=\"wp-block-image size-large\"><img loading=\"lazy\" decoding=\"async\" width=\"1024\" height=\"768\" src=\"https:\/\/ecolelibredecourriere.be\/wp-content\/uploads\/2024\/11\/bbe52a71-3740-43b5-8af2-ebc5ba69a8e8-1024x768.jpg\" alt=\"\" class=\"wp-image-5856\" srcset=\"https:\/\/ecolelibredecourriere.be\/wp-content\/uploads\/2024\/11\/bbe52a71-3740-43b5-8af2-ebc5ba69a8e8-1024x768.jpg 1024w, https:\/\/ecolelibredecourriere.be\/wp-content\/uploads\/2024\/11\/bbe52a71-3740-43b5-8af2-ebc5ba69a8e8-300x225.jpg 300w, https:\/\/ecolelibredecourriere.be\/wp-content\/uploads\/2024\/11\/bbe52a71-3740-43b5-8af2-ebc5ba69a8e8-768x576.jpg 768w, https:\/\/ecolelibredecourriere.be\/wp-content\/uploads\/2024\/11\/bbe52a71-3740-43b5-8af2-ebc5ba69a8e8-1536x1152.jpg 1536w, https:\/\/ecolelibredecourriere.be\/wp-content\/uploads\/2024\/11\/bbe52a71-3740-43b5-8af2-ebc5ba69a8e8-2048x1536.jpg 2048w, https:\/\/ecolelibredecourriere.be\/wp-content\/uploads\/2024\/11\/bbe52a71-3740-43b5-8af2-ebc5ba69a8e8-1170x878.jpg 1170w\" sizes=\"auto, (max-width: 1024px) 100vw, 1024px\" \/><\/figure>\n\n\n\n<div class=\"wp-block-group\"><div class=\"wp-block-group__inner-container is-layout-flow wp-block-group-is-layout-flow\">\n<h2 class=\"wp-block-heading\"><strong>&#8211; Le tour du monde de l&rsquo;ELC<\/strong><\/h2>\n\n\n\n<p>Voici le th\u00e8me de cette ann\u00e9e scolaire 2024-20245 (voir l&rsquo;article ci-joint)<\/p>\n\n\n\n<p>1\u00e8re \u00e9tape: les cartes postales (plus d&rsquo;info dans l\u2019article ci-joint)<\/p>\n\n\n\n<figure class=\"wp-block-image size-large is-resized\"><img loading=\"lazy\" decoding=\"async\" width=\"1024\" height=\"726\" src=\"http:\/\/ecolelibredecourriere.be\/wp-content\/uploads\/2024\/08\/carte-postale-1-1024x726.jpg\" alt=\"\" class=\"wp-image-5763\" style=\"width:659px;height:467px\" srcset=\"https:\/\/ecolelibredecourriere.be\/wp-content\/uploads\/2024\/08\/carte-postale-1-1024x726.jpg 1024w, https:\/\/ecolelibredecourriere.be\/wp-content\/uploads\/2024\/08\/carte-postale-1-300x213.jpg 300w, https:\/\/ecolelibredecourriere.be\/wp-content\/uploads\/2024\/08\/carte-postale-1-768x545.jpg 768w, https:\/\/ecolelibredecourriere.be\/wp-content\/uploads\/2024\/08\/carte-postale-1-1536x1090.jpg 1536w, https:\/\/ecolelibredecourriere.be\/wp-content\/uploads\/2024\/08\/carte-postale-1-1170x830.jpg 1170w, https:\/\/ecolelibredecourriere.be\/wp-content\/uploads\/2024\/08\/carte-postale-1.jpg 1748w\" sizes=\"auto, (max-width: 1024px) 100vw, 1024px\" \/><\/figure>\n\n\n\n<div class=\"wp-block-cover is-light\" style=\"min-height:115px;aspect-ratio:unset;\"><span aria-hidden=\"true\" class=\"wp-block-cover__background has-white-background-color has-background-dim-100 has-background-dim\"><\/span><div class=\"wp-block-cover__inner-container is-layout-flow wp-block-cover-is-layout-flow\">\n<figure class=\"wp-block-image size-full\"><img loading=\"lazy\" decoding=\"async\" width=\"897\" height=\"320\" src=\"http:\/\/ecolelibredecourriere.be\/wp-content\/uploads\/2024\/08\/inscriptions.jpg\" alt=\"\" class=\"wp-image-5761\" srcset=\"https:\/\/ecolelibredecourriere.be\/wp-content\/uploads\/2024\/08\/inscriptions.jpg 897w, https:\/\/ecolelibredecourriere.be\/wp-content\/uploads\/2024\/08\/inscriptions-300x107.jpg 300w, https:\/\/ecolelibredecourriere.be\/wp-content\/uploads\/2024\/08\/inscriptions-768x274.jpg 768w\" sizes=\"auto, (max-width: 897px) 100vw, 897px\" \/><\/figure>\n<\/div><\/div>\n<\/div><\/div>\n\n\n\n<p><\/p>\n\n\n\n<h2 class=\"wp-block-heading\"><strong>.<\/strong><\/h2>\n","protected":false},"excerpt":{"rendered":"<p>PORTES OUVERTES LE VENDREDI 5 JUIN 2026 Venez d\u00e9couvrir &#8230; nos r\u00e9alisations autour des contes nos nouveaux \u00e9quipements &#8211; notre maison sensorielle nos \u00e9l\u00e8ves en action et nos enseignants le r\u00e9cit des classes de neige P5\/6 et des classes de <a class=\"more-link\" href=\"https:\/\/ecolelibredecourriere.be\/\">Continuer la lecture <span class=\"screen-reader-text\">  L&rsquo;\u00e9col&rsquo;logique pour tous<\/span><span class=\"meta-nav\">&rarr;<\/span><\/a><\/p>\n","protected":false},"author":3,"featured_media":0,"parent":0,"menu_order":0,"comment_status":"closed","ping_status":"closed","template":"","meta":{"footnotes":""},"class_list":["post-3084","page","type-page","status-publish","hentry"],"_links":{"self":[{"href":"https:\/\/ecolelibredecourriere.be\/index.php\/wp-json\/wp\/v2\/pages\/3084","targetHints":{"allow":["GET"]}}],"collection":[{"href":"https:\/\/ecolelibredecourriere.be\/index.php\/wp-json\/wp\/v2\/pages"}],"about":[{"href":"https:\/\/ecolelibredecourriere.be\/index.php\/wp-json\/wp\/v2\/types\/page"}],"author":[{"embeddable":true,"href":"https:\/\/ecolelibredecourriere.be\/index.php\/wp-json\/wp\/v2\/users\/3"}],"replies":[{"embeddable":true,"href":"https:\/\/ecolelibredecourriere.be\/index.php\/wp-json\/wp\/v2\/comments?post=3084"}],"version-history":[{"count":185,"href":"https:\/\/ecolelibredecourriere.be\/index.php\/wp-json\/wp\/v2\/pages\/3084\/revisions"}],"predecessor-version":[{"id":6280,"href":"https:\/\/ecolelibredecourriere.be\/index.php\/wp-json\/wp\/v2\/pages\/3084\/revisions\/6280"}],"wp:attachment":[{"href":"https:\/\/ecolelibredecourriere.be\/index.php\/wp-json\/wp\/v2\/media?parent=3084"}],"curies":[{"name":"wp","href":"https:\/\/api.w.org\/{rel}","templated":true}]}}