{"id":595,"date":"2016-02-01T17:08:58","date_gmt":"2016-02-01T17:08:58","guid":{"rendered":"http:\/\/ecolelibredecourriere.be\/?page_id=595"},"modified":"2020-08-11T09:46:01","modified_gmt":"2020-08-11T09:46:01","slug":"lintegration","status":"publish","type":"page","link":"https:\/\/ecolelibredecourriere.be\/index.php\/lintegration\/","title":{"rendered":"L&rsquo;INTEGRATION"},"content":{"rendered":"<h1><span style=\"color: #0000ff;\">Notre \u00e9cole pratique l&rsquo;int\u00e9gration<\/span><\/h1>\n<p>&nbsp;<\/p>\n<p>Aujourd&rsquo;hui, beaucoup d&rsquo;enfants sont diagnostiqu\u00e9s \u00ab\u00a0dys\u00a0\u00bb !<\/p>\n<p>Dyscalculie<\/p>\n<p>Dyslexie<\/p>\n<p>Dys&#8230;&#8230;.<\/p>\n<p>&nbsp;<\/p>\n<p><span style=\"color: #ff0000;\">Beaucoup de parents recherchent une \u00e9cole qui peut les aider. <\/span><\/p>\n<p>Nous travaillons en collaboration avec l&rsquo;\u00e9cole sp\u00e9cialis\u00e9e \u00ab\u00a0Les Capucines\u00a0\u00bb et, de ce fait, nous disposons dans notre \u00e9tablissement de la pr\u00e9sence d&rsquo;une logop\u00e8de ou d&rsquo;une enseignante sp\u00e9cialis\u00e9e qui peut aider votre enfant \u00e0 progresser !<\/p>\n<p>Adresse de contact de la directrice des Capucines :<br \/>\ndirectiongenerale@lescapucines.be<\/p>\n<p><a href=\"http:\/\/sitewebcapucines.wix.com\/lescapucines\" target=\"_blank\" rel=\"noopener\">http:\/\/sitewebcapucines.wix.com\/lescapucines<\/a><\/p>\n","protected":false},"excerpt":{"rendered":"<p>Notre \u00e9cole pratique l&rsquo;int\u00e9gration &nbsp; Aujourd&rsquo;hui, beaucoup d&rsquo;enfants sont diagnostiqu\u00e9s \u00ab\u00a0dys\u00a0\u00bb ! Dyscalculie Dyslexie Dys&#8230;&#8230;. &nbsp; Beaucoup de parents recherchent une \u00e9cole qui peut les aider. Nous travaillons en collaboration avec l&rsquo;\u00e9cole sp\u00e9cialis\u00e9e \u00ab\u00a0Les Capucines\u00a0\u00bb et, de ce fait, nous <a class=\"more-link\" href=\"https:\/\/ecolelibredecourriere.be\/index.php\/lintegration\/\">Continuer la lecture <span class=\"screen-reader-text\">  L&rsquo;INTEGRATION<\/span><span class=\"meta-nav\">&rarr;<\/span><\/a><\/p>\n","protected":false},"author":1,"featured_media":0,"parent":0,"menu_order":0,"comment_status":"closed","ping_status":"closed","template":"","meta":{"footnotes":""},"class_list":["post-595","page","type-page","status-publish","hentry"],"_links":{"self":[{"href":"https:\/\/ecolelibredecourriere.be\/index.php\/wp-json\/wp\/v2\/pages\/595","targetHints":{"allow":["GET"]}}],"collection":[{"href":"https:\/\/ecolelibredecourriere.be\/index.php\/wp-json\/wp\/v2\/pages"}],"about":[{"href":"https:\/\/ecolelibredecourriere.be\/index.php\/wp-json\/wp\/v2\/types\/page"}],"author":[{"embeddable":true,"href":"https:\/\/ecolelibredecourriere.be\/index.php\/wp-json\/wp\/v2\/users\/1"}],"replies":[{"embeddable":true,"href":"https:\/\/ecolelibredecourriere.be\/index.php\/wp-json\/wp\/v2\/comments?post=595"}],"version-history":[{"count":8,"href":"https:\/\/ecolelibredecourriere.be\/index.php\/wp-json\/wp\/v2\/pages\/595\/revisions"}],"predecessor-version":[{"id":4217,"href":"https:\/\/ecolelibredecourriere.be\/index.php\/wp-json\/wp\/v2\/pages\/595\/revisions\/4217"}],"wp:attachment":[{"href":"https:\/\/ecolelibredecourriere.be\/index.php\/wp-json\/wp\/v2\/media?parent=595"}],"curies":[{"name":"wp","href":"https:\/\/api.w.org\/{rel}","templated":true}]}}