{"id":6069,"date":"2025-04-16T16:03:03","date_gmt":"2025-04-16T16:03:03","guid":{"rendered":"https:\/\/ecolelibredecourriere.be\/?page_id=6069"},"modified":"2025-04-16T16:05:21","modified_gmt":"2025-04-16T16:05:21","slug":"chers-visiteurs","status":"publish","type":"page","link":"https:\/\/ecolelibredecourriere.be\/index.php\/chers-visiteurs\/","title":{"rendered":"Chers visiteurs,"},"content":{"rendered":"\n<p class=\"has-blue-color has-text-color has-link-color wp-elements-94fe4e9dde10756652d01a224c5898e7\"><strong>Bienvenue sur le site de notre \u00e9cole !<\/strong><\/p>\n\n\n\n<p class=\"has-electric-grass-gradient-background has-background\">Nous croyons fermement que l&rsquo;\u00e9ducation est un voyage enrichissant qui ouvre les portes de l&rsquo;avenir. Notre mission est de cr\u00e9er un environnement d&rsquo;apprentissage inclusif, stimulant et bienveillant o\u00f9 chaque \u00e9l\u00e8ve peut s&rsquo;\u00e9panouir.<\/p>\n\n\n\n<p class=\"has-electric-grass-gradient-background has-background\">Nos valeurs fondamentales \u2013 le respect, la curiosit\u00e9, la cr\u00e9ativit\u00e9 et l&rsquo;engagement \u2013 guident notre approche p\u00e9dagogique. Nous nous effor\u00e7ons de cultiver un esprit d&rsquo;ouverture, en encourageant nos \u00e9l\u00e8ves \u00e0 explorer, \u00e0 poser des questions et \u00e0 d\u00e9velopper leur pens\u00e9e critique. Nous valorisons la diversit\u00e9 et faisons de notre mieux pour que chaque enfant se sente accept\u00e9 et valoris\u00e9.<\/p>\n\n\n\n<p class=\"has-electric-grass-gradient-background has-background\">Nous sommes convaincus que l&rsquo;apprentissage ne se limite pas \u00e0 la salle de classe. C&rsquo;est pourquoi nous favorisons les projets collaboratifs, les activit\u00e9s artistiques et sportives, ainsi que les \u00e9changes culturels. Ensemble, \u00e9l\u00e8ves, enseignants et familles, nous formons une communaut\u00e9 dynamique qui soutient et inspire chacun.<\/p>\n\n\n\n<p class=\"has-electric-grass-gradient-background has-background\">Nous vous invitons \u00e0 parcourir notre site pour d\u00e9couvrir nos projets, nos activit\u00e9s et notre vision. Ensemble, construisons un avenir prometteur pour nos enfants !<\/p>\n\n\n\n<p>Cordialement,<br>Anne Demarteau<\/p>\n<p>&nbsp;<\/p>\n\n\n\n\n\n\n\n\n\n\n\n\n","protected":false},"excerpt":{"rendered":"<p>Bienvenue sur le site de notre \u00e9cole ! Nous croyons fermement que l&rsquo;\u00e9ducation est un voyage enrichissant qui ouvre les portes de l&rsquo;avenir. Notre mission est de cr\u00e9er un environnement d&rsquo;apprentissage inclusif, stimulant et bienveillant o\u00f9 chaque \u00e9l\u00e8ve peut s&rsquo;\u00e9panouir. <a class=\"more-link\" href=\"https:\/\/ecolelibredecourriere.be\/index.php\/chers-visiteurs\/\">Continuer la lecture <span class=\"screen-reader-text\">  Chers visiteurs,<\/span><span class=\"meta-nav\">&rarr;<\/span><\/a><\/p>\n","protected":false},"author":3,"featured_media":0,"parent":0,"menu_order":0,"comment_status":"closed","ping_status":"closed","template":"","meta":{"footnotes":""},"class_list":["post-6069","page","type-page","status-publish","hentry"],"_links":{"self":[{"href":"https:\/\/ecolelibredecourriere.be\/index.php\/wp-json\/wp\/v2\/pages\/6069","targetHints":{"allow":["GET"]}}],"collection":[{"href":"https:\/\/ecolelibredecourriere.be\/index.php\/wp-json\/wp\/v2\/pages"}],"about":[{"href":"https:\/\/ecolelibredecourriere.be\/index.php\/wp-json\/wp\/v2\/types\/page"}],"author":[{"embeddable":true,"href":"https:\/\/ecolelibredecourriere.be\/index.php\/wp-json\/wp\/v2\/users\/3"}],"replies":[{"embeddable":true,"href":"https:\/\/ecolelibredecourriere.be\/index.php\/wp-json\/wp\/v2\/comments?post=6069"}],"version-history":[{"count":3,"href":"https:\/\/ecolelibredecourriere.be\/index.php\/wp-json\/wp\/v2\/pages\/6069\/revisions"}],"predecessor-version":[{"id":6075,"href":"https:\/\/ecolelibredecourriere.be\/index.php\/wp-json\/wp\/v2\/pages\/6069\/revisions\/6075"}],"wp:attachment":[{"href":"https:\/\/ecolelibredecourriere.be\/index.php\/wp-json\/wp\/v2\/media?parent=6069"}],"curies":[{"name":"wp","href":"https:\/\/api.w.org\/{rel}","templated":true}]}}